{"id":1119,"date":"2024-12-27T00:46:18","date_gmt":"2024-12-26T23:46:18","guid":{"rendered":"https:\/\/ledmaster.cz\/?page_id=1119"},"modified":"2024-12-27T15:53:44","modified_gmt":"2024-12-27T14:53:44","slug":"elementor-1119","status":"publish","type":"page","link":"https:\/\/ledmaster.cz\/","title":{"rendered":"Elementor #1119"},"content":{"rendered":"\t\t<div data-elementor-type=\"wp-page\" data-elementor-id=\"1119\" class=\"elementor elementor-1119\">\n\t\t\t\t\t\t<section class=\"elementor-section elementor-top-section elementor-element elementor-element-5489ba79 elementor-section-height-min-height elementor-section-items-stretch elementor-section-content-bottom elementor-section-boxed elementor-section-height-default\" data-id=\"5489ba79\" data-element_type=\"section\" data-settings=\"{&quot;background_background&quot;:&quot;classic&quot;}\">\n\t\t\t\t\t\t\t<div class=\"elementor-background-overlay\"><\/div>\n\t\t\t\t\t\t\t<div class=\"elementor-container elementor-column-gap-default\">\n\t\t\t\t\t<div class=\"elementor-column elementor-col-50 elementor-top-column elementor-element elementor-element-59c8f00b\" data-id=\"59c8f00b\" data-element_type=\"column\">\n\t\t\t<div class=\"elementor-widget-wrap elementor-element-populated\">\n\t\t\t\t\t\t<div class=\"elementor-element elementor-element-b2d35cc elementor-widget elementor-widget-image\" data-id=\"b2d35cc\" data-element_type=\"widget\" data-widget_type=\"image.default\">\n\t\t\t\t<div class=\"elementor-widget-container\">\n\t\t\t\t\t\t\t\t\t\t\t\t\t\t\t<img decoding=\"async\" width=\"320\" height=\"142\" src=\"http:\/\/ledmaster.cz\/wp-content\/uploads\/2024\/12\/logo-na-web.webp\" class=\"attachment-large size-large wp-image-1165\" alt=\"\" srcset=\"http:\/\/ledmaster.cz\/wp-content\/uploads\/2024\/12\/logo-na-web.webp 320w, http:\/\/ledmaster.cz\/wp-content\/uploads\/2024\/12\/logo-na-web-300x133.webp 300w\" sizes=\"(max-width: 320px) 100vw, 320px\" \/>\t\t\t\t\t\t\t\t\t\t\t\t\t\t\t<\/div>\n\t\t\t\t<\/div>\n\t\t\t\t<section class=\"elementor-section elementor-inner-section elementor-element elementor-element-6b2e55cf elementor-section-boxed elementor-section-height-default elementor-section-height-default\" data-id=\"6b2e55cf\" data-element_type=\"section\">\n\t\t\t\t\t\t<div class=\"elementor-container elementor-column-gap-no\">\n\t\t\t\t\t<div class=\"elementor-column elementor-col-100 elementor-inner-column elementor-element elementor-element-7580db6c\" data-id=\"7580db6c\" data-element_type=\"column\">\n\t\t\t<div class=\"elementor-widget-wrap elementor-element-populated\">\n\t\t\t\t\t\t<div class=\"elementor-element elementor-element-796c8ae7 elementor-widget elementor-widget-heading\" data-id=\"796c8ae7\" data-element_type=\"widget\" data-widget_type=\"heading.default\">\n\t\t\t\t<div class=\"elementor-widget-container\">\n\t\t\t\t\t<h2 class=\"elementor-heading-title elementor-size-default\">LED MASTER<\/h2>\t\t\t\t<\/div>\n\t\t\t\t<\/div>\n\t\t\t\t<div class=\"elementor-element elementor-element-0fcc8c5 elementor-widget elementor-widget-heading\" data-id=\"0fcc8c5\" data-element_type=\"widget\" data-widget_type=\"heading.default\">\n\t\t\t\t<div class=\"elementor-widget-container\">\n\t\t\t\t\t<h2 class=\"elementor-heading-title elementor-size-default\">Kvalitn\u00ed LED osv\u011btlen\u00ed<\/h2>\t\t\t\t<\/div>\n\t\t\t\t<\/div>\n\t\t\t\t<div class=\"elementor-element elementor-element-8047244 elementor-invisible elementor-widget elementor-widget-heading\" data-id=\"8047244\" data-element_type=\"widget\" data-settings=\"{&quot;_animation&quot;:&quot;fadeIn&quot;,&quot;_animation_delay&quot;:200}\" data-widget_type=\"heading.default\">\n\t\t\t\t<div class=\"elementor-widget-container\">\n\t\t\t\t\t<h2 class=\"elementor-heading-title elementor-size-default\">Jsme \u201cmaste\u0159i\u201d ve sv\u011bt\u011b led osv\u011btlen\u00ed, a to ji\u017e 10 let. Nerozd\u011blujeme na velk\u00e9 a mal\u00e9 z\u00e1kazn\u00edky - m\u00e1me z\u00e1jem pod\u00edlet se i na t\u011bch nejmen\u0161\u00edch \u0159e\u0161en\u00edch. Prvn\u00ed krok je na v\u00e1s...oslovte n\u00e1s a my se postar\u00e1me o to, abyste na v\u0161e vid\u011bli i do t\u011bch nejmen\u0161\u00edch detail\u016f.<\/h2>\t\t\t\t<\/div>\n\t\t\t\t<\/div>\n\t\t\t\t<div class=\"elementor-element elementor-element-91f89da elementor-widget elementor-widget-heading\" data-id=\"91f89da\" data-element_type=\"widget\" data-widget_type=\"heading.default\">\n\t\t\t\t<div class=\"elementor-widget-container\">\n\t\t\t\t\t<h3 class=\"elementor-heading-title elementor-size-default\">Nab\u00edz\u00edme velkoobchodn\u00ed spolupr\u00e1ci velkoobchodn\u00edm a maloobchodn\u00edm prodejc\u016fm.<\/h3>\t\t\t\t<\/div>\n\t\t\t\t<\/div>\n\t\t\t\t\t<\/div>\n\t\t<\/div>\n\t\t\t\t\t<\/div>\n\t\t<\/section>\n\t\t\t\t\t<\/div>\n\t\t<\/div>\n\t\t\t\t<div class=\"elementor-column elementor-col-50 elementor-top-column elementor-element elementor-element-4868bf51\" data-id=\"4868bf51\" data-element_type=\"column\" data-settings=\"{&quot;background_background&quot;:&quot;classic&quot;}\">\n\t\t\t<div class=\"elementor-widget-wrap elementor-element-populated\">\n\t\t\t\t\t\t<div class=\"elementor-element elementor-element-79166d35 elementor-widget-mobile__width-initial elementor-invisible elementor-widget elementor-widget-heading\" data-id=\"79166d35\" data-element_type=\"widget\" data-settings=\"{&quot;_animation&quot;:&quot;fadeIn&quot;,&quot;_animation_delay&quot;:100}\" data-widget_type=\"heading.default\">\n\t\t\t\t<div class=\"elementor-widget-container\">\n\t\t\t\t\t<h2 class=\"elementor-heading-title elementor-size-default\">KONTAKT<\/h2>\t\t\t\t<\/div>\n\t\t\t\t<\/div>\n\t\t\t\t<div class=\"elementor-element elementor-element-770fd963 elementor-widget-divider--view-line elementor-invisible elementor-widget elementor-widget-divider\" data-id=\"770fd963\" data-element_type=\"widget\" data-settings=\"{&quot;_animation&quot;:&quot;fadeIn&quot;,&quot;_animation_delay&quot;:200}\" data-widget_type=\"divider.default\">\n\t\t\t\t<div class=\"elementor-widget-container\">\n\t\t\t\t\t\t\t<div class=\"elementor-divider\">\n\t\t\t<span class=\"elementor-divider-separator\">\n\t\t\t\t\t\t<\/span>\n\t\t<\/div>\n\t\t\t\t\t\t<\/div>\n\t\t\t\t<\/div>\n\t\t\t\t<div class=\"elementor-element elementor-element-757f69b elementor-widget elementor-widget-text-editor\" data-id=\"757f69b\" data-element_type=\"widget\" data-widget_type=\"text-editor.default\">\n\t\t\t\t<div class=\"elementor-widget-container\">\n\t\t\t\t\t\t\t\t\t<p><strong>LED MASTER CZECH s.r.o<\/strong><br \/>Pra\u017esk\u00e1 t\u0159\u00edda 6\/62<br \/>Hradec Kr\u00e1lov\u00e9<br \/>500 04<\/p><p>I\u010cO : 09679103<\/p><p><a href=\"mailto:obchod@ledmaster.cz\">obchod@ledmaster.cz<\/a><br \/>mobil : +420 723 079 840<\/p>\t\t\t\t\t\t\t\t<\/div>\n\t\t\t\t<\/div>\n\t\t\t\t\t<\/div>\n\t\t<\/div>\n\t\t\t\t\t<\/div>\n\t\t<\/section>\n\t\t\t\t<section class=\"elementor-section elementor-top-section elementor-element elementor-element-222d84ef elementor-section-boxed elementor-section-height-default elementor-section-height-default\" data-id=\"222d84ef\" data-element_type=\"section\" data-settings=\"{&quot;background_background&quot;:&quot;classic&quot;}\">\n\t\t\t\t\t\t<div class=\"elementor-container elementor-column-gap-default\">\n\t\t\t\t\t<div class=\"elementor-column elementor-col-50 elementor-top-column elementor-element elementor-element-67b35480\" data-id=\"67b35480\" data-element_type=\"column\">\n\t\t\t<div class=\"elementor-widget-wrap elementor-element-populated\">\n\t\t\t\t\t\t<div class=\"elementor-element elementor-element-47b53c5 elementor-widget elementor-widget-text-editor\" data-id=\"47b53c5\" data-element_type=\"widget\" data-widget_type=\"text-editor.default\">\n\t\t\t\t<div class=\"elementor-widget-container\">\n\t\t\t\t\t\t\t\t\t<a href=\"http:\/\/www.georgestudio.cz\">Tvorba webov\u00fdch str\u00e1nek<\/a> a <a href=\"http:\/\/www.georgestudio.cz\">videoprodukce<\/a> od <a href=\"http:\/\/www.georgestudio.cz\">GeorgeStudio.cz<\/a> 2021. All Rights Reserved.\t\t\t\t\t\t\t\t<\/div>\n\t\t\t\t<\/div>\n\t\t\t\t\t<\/div>\n\t\t<\/div>\n\t\t\t\t<div class=\"elementor-column elementor-col-50 elementor-top-column elementor-element elementor-element-55c103d9\" data-id=\"55c103d9\" data-element_type=\"column\">\n\t\t\t<div class=\"elementor-widget-wrap elementor-element-populated\">\n\t\t\t\t\t\t<div class=\"elementor-element elementor-element-4943138c elementor-align-right elementor-tablet-align-center elementor-widget elementor-widget-button\" data-id=\"4943138c\" data-element_type=\"widget\" data-widget_type=\"button.default\">\n\t\t\t\t<div class=\"elementor-widget-container\">\n\t\t\t\t\t\t\t\t\t<div class=\"elementor-button-wrapper\">\n\t\t\t\t\t<a class=\"elementor-button elementor-button-link elementor-size-sm\" href=\"#top\">\n\t\t\t\t\t\t<span class=\"elementor-button-content-wrapper\">\n\t\t\t\t\t\t\t\t\t<span class=\"elementor-button-text\">\u25b2<\/span>\n\t\t\t\t\t<\/span>\n\t\t\t\t\t<\/a>\n\t\t\t\t<\/div>\n\t\t\t\t\t\t\t\t<\/div>\n\t\t\t\t<\/div>\n\t\t\t\t\t<\/div>\n\t\t<\/div>\n\t\t\t\t\t<\/div>\n\t\t<\/section>\n\t\t\t\t<\/div>\n\t\t","protected":false},"excerpt":{"rendered":"<p>LED MASTER Kvalitn\u00ed LED osv\u011btlen\u00ed Jsme \u201cmaste\u0159i\u201d ve sv\u011bt\u011b led osv\u011btlen\u00ed, a to ji\u017e 10 let. Nerozd\u011blujeme na velk\u00e9 a mal\u00e9 z\u00e1kazn\u00edky &#8211; m\u00e1me z\u00e1jem pod\u00edlet se i na t\u011bch nejmen\u0161\u00edch \u0159e\u0161en\u00edch. Prvn\u00ed krok je na v\u00e1s&#8230;oslovte n\u00e1s a my se postar\u00e1me o to, abyste na v\u0161e vid\u011bli i do t\u011bch nejmen\u0161\u00edch detail\u016f. Nab\u00edz\u00edme velkoobchodn\u00ed [&hellip;]<\/p>\n","protected":false},"author":1,"featured_media":0,"parent":0,"menu_order":0,"comment_status":"closed","ping_status":"closed","template":"elementor_header_footer","meta":{"footnotes":""},"class_list":["post-1119","page","type-page","status-publish","hentry"],"_links":{"self":[{"href":"https:\/\/ledmaster.cz\/index.php?rest_route=\/wp\/v2\/pages\/1119","targetHints":{"allow":["GET"]}}],"collection":[{"href":"https:\/\/ledmaster.cz\/index.php?rest_route=\/wp\/v2\/pages"}],"about":[{"href":"https:\/\/ledmaster.cz\/index.php?rest_route=\/wp\/v2\/types\/page"}],"author":[{"embeddable":true,"href":"https:\/\/ledmaster.cz\/index.php?rest_route=\/wp\/v2\/users\/1"}],"replies":[{"embeddable":true,"href":"https:\/\/ledmaster.cz\/index.php?rest_route=%2Fwp%2Fv2%2Fcomments&post=1119"}],"version-history":[{"count":64,"href":"https:\/\/ledmaster.cz\/index.php?rest_route=\/wp\/v2\/pages\/1119\/revisions"}],"predecessor-version":[{"id":1221,"href":"https:\/\/ledmaster.cz\/index.php?rest_route=\/wp\/v2\/pages\/1119\/revisions\/1221"}],"wp:attachment":[{"href":"https:\/\/ledmaster.cz\/index.php?rest_route=%2Fwp%2Fv2%2Fmedia&parent=1119"}],"curies":[{"name":"wp","href":"https:\/\/api.w.org\/{rel}","templated":true}]}}